{"id":507,"date":"2021-02-01T11:17:48","date_gmt":"2021-02-01T10:17:48","guid":{"rendered":"https:\/\/www.accelenatorres.com\/tienda\/?post_type=product&#038;p=507"},"modified":"2021-02-15T11:58:47","modified_gmt":"2021-02-15T10:58:47","slug":"camiseta-solidaria-ele-ibiza","status":"publish","type":"product","link":"https:\/\/www.accelenatorres.com\/tienda\/producto\/camiseta-solidaria-ele-ibiza\/","title":{"rendered":"Camiseta Solidaria #YoTambi\u00e9nSoyElenaTorres"},"content":{"rendered":"<p>Las camisetas solidarias de la Asociaci\u00f3n Elena Torres se venden tanto en nuestra tienda f\u00edsica, Ele Ibiza, ubicada en la Calle Vicente Serra i Orvay 14 de Ibiza, como en nuestra tienda online por un precio de 10 euros. Se trata de prendas que cuentan con el dibujo de una mujer que ha vencido el c\u00e1ncer de mama, efectuadas por una ilustradora de la agencia creativa D\u00e1ndole Vueltas.<\/p>\n<p>Disponible en <strong>tallas M y L<\/strong>.<\/p>\n","protected":false},"excerpt":{"rendered":"<p>Las camisetas solidarias de la Asociaci\u00f3n Elena Torres se venden tanto en nuestra tienda f\u00edsica, Ele Ibiza, ubicada en la Calle Vicente Serra i Orvay 14 de Ibiza, como en nuestra tienda online por un precio de 10 euros. Se trata de prendas que cuentan con el dibujo de una&hellip;<\/p>\n","protected":false},"featured_media":512,"comment_status":"open","ping_status":"closed","template":"","meta":{"_price":"10","_stock":null,"_tribe_ticket_header":"","_tribe_default_ticket_provider":"","_tribe_ticket_capacity":"41","_ticket_start_date":"","_ticket_end_date":"","_tribe_ticket_show_description":"","_tribe_ticket_show_not_going":false,"_tribe_ticket_use_global_stock":"","_tribe_ticket_global_stock_level":"","_global_stock_mode":"","_global_stock_cap":"","_tribe_rsvp_for_event":"","_tribe_ticket_going_count":"","_tribe_ticket_not_going_count":"","_tribe_tickets_list":"[]","_tribe_ticket_has_attendee_info_fields":false,"_webnus_sm_ready_style":"","_webnus_sm_style":"","_webnus_sm_controls_values":"","_webnus_sm_fonts_collection":"","_webnus_sm_fonts_links":"","_tec_slr_enabled":"","_tec_slr_layout":""},"product_brand":[],"product_cat":[81],"product_tag":[],"class_list":{"0":"post-507","1":"product","2":"type-product","3":"status-publish","4":"has-post-thumbnail","6":"product_cat-camisas-camisetas","8":"first","9":"instock","10":"shipping-taxable","11":"purchasable","12":"product-type-variable","13":"thumb-no-effect","14":"prod-rating-off"},"yoast_head":"<!-- This site is optimized with the Yoast SEO plugin v27.4 - https:\/\/yoast.com\/product\/yoast-seo-wordpress\/ -->\n<title>Camiseta Solidaria #YoTambi\u00e9nSoyElenaTorres - Tienda ELE<\/title>\n<meta name=\"description\" content=\"Camisetas solidarias, por un precio de 10 euros, que cuentan con el dibujo de una mujer que ha vencido el c\u00e1ncer de mama.\" \/>\n<meta name=\"robots\" content=\"index, follow, max-snippet:-1, max-image-preview:large, max-video-preview:-1\" \/>\n<link rel=\"canonical\" href=\"https:\/\/www.accelenatorres.com\/tienda\/producto\/camiseta-solidaria-ele-ibiza\/\" \/>\n<meta property=\"og:locale\" content=\"es_ES\" \/>\n<meta property=\"og:type\" content=\"article\" \/>\n<meta property=\"og:title\" content=\"Camiseta Solidaria #YoTambi\u00e9nSoyElenaTorres - Tienda ELE\" \/>\n<meta property=\"og:description\" content=\"Camisetas solidarias, por un precio de 10 euros, que cuentan con el dibujo de una mujer que ha vencido el c\u00e1ncer de mama.\" \/>\n<meta property=\"og:url\" content=\"https:\/\/www.accelenatorres.com\/tienda\/producto\/camiseta-solidaria-ele-ibiza\/\" \/>\n<meta property=\"og:site_name\" content=\"Tienda ELE\" \/>\n<meta property=\"article:publisher\" content=\"https:\/\/www.facebook.com\/asociacionelenatorres\/\" \/>\n<meta property=\"article:modified_time\" content=\"2021-02-15T10:58:47+00:00\" \/>\n<meta property=\"og:image\" content=\"https:\/\/www.accelenatorres.com\/tienda\/wp-content\/uploads\/2021\/02\/202012_eleibiza-90.jpg\" \/>\n\t<meta property=\"og:image:width\" content=\"1920\" \/>\n\t<meta property=\"og:image:height\" content=\"1920\" \/>\n\t<meta property=\"og:image:type\" content=\"image\/jpeg\" \/>\n<meta name=\"twitter:card\" content=\"summary_large_image\" \/>\n<meta name=\"twitter:label1\" content=\"Tiempo de lectura\" \/>\n\t<meta name=\"twitter:data1\" content=\"1 minuto\" \/>\n<script type=\"application\/ld+json\" class=\"yoast-schema-graph\">{\"@context\":\"https:\\\/\\\/schema.org\",\"@graph\":[{\"@type\":\"WebPage\",\"@id\":\"https:\\\/\\\/www.accelenatorres.com\\\/tienda\\\/producto\\\/camiseta-solidaria-ele-ibiza\\\/\",\"url\":\"https:\\\/\\\/www.accelenatorres.com\\\/tienda\\\/producto\\\/camiseta-solidaria-ele-ibiza\\\/\",\"name\":\"Camiseta Solidaria #YoTambi\u00e9nSoyElenaTorres - Tienda ELE\",\"isPartOf\":{\"@id\":\"https:\\\/\\\/www.accelenatorres.com\\\/tienda\\\/#website\"},\"primaryImageOfPage\":{\"@id\":\"https:\\\/\\\/www.accelenatorres.com\\\/tienda\\\/producto\\\/camiseta-solidaria-ele-ibiza\\\/#primaryimage\"},\"image\":{\"@id\":\"https:\\\/\\\/www.accelenatorres.com\\\/tienda\\\/producto\\\/camiseta-solidaria-ele-ibiza\\\/#primaryimage\"},\"thumbnailUrl\":\"https:\\\/\\\/www.accelenatorres.com\\\/tienda\\\/wp-content\\\/uploads\\\/2021\\\/02\\\/202012_eleibiza-90.jpg\",\"datePublished\":\"2021-02-01T10:17:48+00:00\",\"dateModified\":\"2021-02-15T10:58:47+00:00\",\"description\":\"Camisetas solidarias, por un precio de 10 euros, que cuentan con el dibujo de una mujer que ha vencido el c\u00e1ncer de mama.\",\"breadcrumb\":{\"@id\":\"https:\\\/\\\/www.accelenatorres.com\\\/tienda\\\/producto\\\/camiseta-solidaria-ele-ibiza\\\/#breadcrumb\"},\"inLanguage\":\"es\",\"potentialAction\":[{\"@type\":\"ReadAction\",\"target\":[\"https:\\\/\\\/www.accelenatorres.com\\\/tienda\\\/producto\\\/camiseta-solidaria-ele-ibiza\\\/\"]}]},{\"@type\":\"ImageObject\",\"inLanguage\":\"es\",\"@id\":\"https:\\\/\\\/www.accelenatorres.com\\\/tienda\\\/producto\\\/camiseta-solidaria-ele-ibiza\\\/#primaryimage\",\"url\":\"https:\\\/\\\/www.accelenatorres.com\\\/tienda\\\/wp-content\\\/uploads\\\/2021\\\/02\\\/202012_eleibiza-90.jpg\",\"contentUrl\":\"https:\\\/\\\/www.accelenatorres.com\\\/tienda\\\/wp-content\\\/uploads\\\/2021\\\/02\\\/202012_eleibiza-90.jpg\",\"width\":1920,\"height\":1920},{\"@type\":\"BreadcrumbList\",\"@id\":\"https:\\\/\\\/www.accelenatorres.com\\\/tienda\\\/producto\\\/camiseta-solidaria-ele-ibiza\\\/#breadcrumb\",\"itemListElement\":[{\"@type\":\"ListItem\",\"position\":1,\"name\":\"Portada\",\"item\":\"https:\\\/\\\/www.accelenatorres.com\\\/tienda\\\/\"},{\"@type\":\"ListItem\",\"position\":2,\"name\":\"Productos\",\"item\":\"https:\\\/\\\/www.accelenatorres.com\\\/tienda\\\/productos\\\/\"},{\"@type\":\"ListItem\",\"position\":3,\"name\":\"Camiseta Solidaria #YoTambi\u00e9nSoyElenaTorres\"}]},{\"@type\":\"WebSite\",\"@id\":\"https:\\\/\\\/www.accelenatorres.com\\\/tienda\\\/#website\",\"url\":\"https:\\\/\\\/www.accelenatorres.com\\\/tienda\\\/\",\"name\":\"Tienda ELE Ibiza\",\"description\":\"Tienda solidaria de la Asociaci\u00f3n Elena Torres en Ibiza\",\"publisher\":{\"@id\":\"https:\\\/\\\/www.accelenatorres.com\\\/tienda\\\/#organization\"},\"potentialAction\":[{\"@type\":\"SearchAction\",\"target\":{\"@type\":\"EntryPoint\",\"urlTemplate\":\"https:\\\/\\\/www.accelenatorres.com\\\/tienda\\\/?s={search_term_string}\"},\"query-input\":{\"@type\":\"PropertyValueSpecification\",\"valueRequired\":true,\"valueName\":\"search_term_string\"}}],\"inLanguage\":\"es\"},{\"@type\":\"Organization\",\"@id\":\"https:\\\/\\\/www.accelenatorres.com\\\/tienda\\\/#organization\",\"name\":\"Tienda Solidaria ELE Ibiza\",\"url\":\"https:\\\/\\\/www.accelenatorres.com\\\/tienda\\\/\",\"logo\":{\"@type\":\"ImageObject\",\"inLanguage\":\"es\",\"@id\":\"https:\\\/\\\/www.accelenatorres.com\\\/tienda\\\/#\\\/schema\\\/logo\\\/image\\\/\",\"url\":\"https:\\\/\\\/www.accelenatorres.com\\\/tienda\\\/wp-content\\\/uploads\\\/2021\\\/01\\\/ele-ibiza.png\",\"contentUrl\":\"https:\\\/\\\/www.accelenatorres.com\\\/tienda\\\/wp-content\\\/uploads\\\/2021\\\/01\\\/ele-ibiza.png\",\"width\":385,\"height\":168,\"caption\":\"Tienda Solidaria ELE Ibiza\"},\"image\":{\"@id\":\"https:\\\/\\\/www.accelenatorres.com\\\/tienda\\\/#\\\/schema\\\/logo\\\/image\\\/\"},\"sameAs\":[\"https:\\\/\\\/www.facebook.com\\\/asociacionelenatorres\\\/\",\"https:\\\/\\\/www.instagram.com\\\/accelenatorres\\\/\"]}]}<\/script>\n<!-- \/ Yoast SEO plugin. -->","yoast_head_json":{"title":"Camiseta Solidaria #YoTambi\u00e9nSoyElenaTorres - Tienda ELE","description":"Camisetas solidarias, por un precio de 10 euros, que cuentan con el dibujo de una mujer que ha vencido el c\u00e1ncer de mama.","robots":{"index":"index","follow":"follow","max-snippet":"max-snippet:-1","max-image-preview":"max-image-preview:large","max-video-preview":"max-video-preview:-1"},"canonical":"https:\/\/www.accelenatorres.com\/tienda\/producto\/camiseta-solidaria-ele-ibiza\/","og_locale":"es_ES","og_type":"article","og_title":"Camiseta Solidaria #YoTambi\u00e9nSoyElenaTorres - Tienda ELE","og_description":"Camisetas solidarias, por un precio de 10 euros, que cuentan con el dibujo de una mujer que ha vencido el c\u00e1ncer de mama.","og_url":"https:\/\/www.accelenatorres.com\/tienda\/producto\/camiseta-solidaria-ele-ibiza\/","og_site_name":"Tienda ELE","article_publisher":"https:\/\/www.facebook.com\/asociacionelenatorres\/","article_modified_time":"2021-02-15T10:58:47+00:00","og_image":[{"width":1920,"height":1920,"url":"https:\/\/www.accelenatorres.com\/tienda\/wp-content\/uploads\/2021\/02\/202012_eleibiza-90.jpg","type":"image\/jpeg"}],"twitter_card":"summary_large_image","twitter_misc":{"Tiempo de lectura":"1 minuto"},"schema":{"@context":"https:\/\/schema.org","@graph":[{"@type":"WebPage","@id":"https:\/\/www.accelenatorres.com\/tienda\/producto\/camiseta-solidaria-ele-ibiza\/","url":"https:\/\/www.accelenatorres.com\/tienda\/producto\/camiseta-solidaria-ele-ibiza\/","name":"Camiseta Solidaria #YoTambi\u00e9nSoyElenaTorres - Tienda ELE","isPartOf":{"@id":"https:\/\/www.accelenatorres.com\/tienda\/#website"},"primaryImageOfPage":{"@id":"https:\/\/www.accelenatorres.com\/tienda\/producto\/camiseta-solidaria-ele-ibiza\/#primaryimage"},"image":{"@id":"https:\/\/www.accelenatorres.com\/tienda\/producto\/camiseta-solidaria-ele-ibiza\/#primaryimage"},"thumbnailUrl":"https:\/\/www.accelenatorres.com\/tienda\/wp-content\/uploads\/2021\/02\/202012_eleibiza-90.jpg","datePublished":"2021-02-01T10:17:48+00:00","dateModified":"2021-02-15T10:58:47+00:00","description":"Camisetas solidarias, por un precio de 10 euros, que cuentan con el dibujo de una mujer que ha vencido el c\u00e1ncer de mama.","breadcrumb":{"@id":"https:\/\/www.accelenatorres.com\/tienda\/producto\/camiseta-solidaria-ele-ibiza\/#breadcrumb"},"inLanguage":"es","potentialAction":[{"@type":"ReadAction","target":["https:\/\/www.accelenatorres.com\/tienda\/producto\/camiseta-solidaria-ele-ibiza\/"]}]},{"@type":"ImageObject","inLanguage":"es","@id":"https:\/\/www.accelenatorres.com\/tienda\/producto\/camiseta-solidaria-ele-ibiza\/#primaryimage","url":"https:\/\/www.accelenatorres.com\/tienda\/wp-content\/uploads\/2021\/02\/202012_eleibiza-90.jpg","contentUrl":"https:\/\/www.accelenatorres.com\/tienda\/wp-content\/uploads\/2021\/02\/202012_eleibiza-90.jpg","width":1920,"height":1920},{"@type":"BreadcrumbList","@id":"https:\/\/www.accelenatorres.com\/tienda\/producto\/camiseta-solidaria-ele-ibiza\/#breadcrumb","itemListElement":[{"@type":"ListItem","position":1,"name":"Portada","item":"https:\/\/www.accelenatorres.com\/tienda\/"},{"@type":"ListItem","position":2,"name":"Productos","item":"https:\/\/www.accelenatorres.com\/tienda\/productos\/"},{"@type":"ListItem","position":3,"name":"Camiseta Solidaria #YoTambi\u00e9nSoyElenaTorres"}]},{"@type":"WebSite","@id":"https:\/\/www.accelenatorres.com\/tienda\/#website","url":"https:\/\/www.accelenatorres.com\/tienda\/","name":"Tienda ELE Ibiza","description":"Tienda solidaria de la Asociaci\u00f3n Elena Torres en Ibiza","publisher":{"@id":"https:\/\/www.accelenatorres.com\/tienda\/#organization"},"potentialAction":[{"@type":"SearchAction","target":{"@type":"EntryPoint","urlTemplate":"https:\/\/www.accelenatorres.com\/tienda\/?s={search_term_string}"},"query-input":{"@type":"PropertyValueSpecification","valueRequired":true,"valueName":"search_term_string"}}],"inLanguage":"es"},{"@type":"Organization","@id":"https:\/\/www.accelenatorres.com\/tienda\/#organization","name":"Tienda Solidaria ELE Ibiza","url":"https:\/\/www.accelenatorres.com\/tienda\/","logo":{"@type":"ImageObject","inLanguage":"es","@id":"https:\/\/www.accelenatorres.com\/tienda\/#\/schema\/logo\/image\/","url":"https:\/\/www.accelenatorres.com\/tienda\/wp-content\/uploads\/2021\/01\/ele-ibiza.png","contentUrl":"https:\/\/www.accelenatorres.com\/tienda\/wp-content\/uploads\/2021\/01\/ele-ibiza.png","width":385,"height":168,"caption":"Tienda Solidaria ELE Ibiza"},"image":{"@id":"https:\/\/www.accelenatorres.com\/tienda\/#\/schema\/logo\/image\/"},"sameAs":["https:\/\/www.facebook.com\/asociacionelenatorres\/","https:\/\/www.instagram.com\/accelenatorres\/"]}]}},"_links":{"self":[{"href":"https:\/\/www.accelenatorres.com\/tienda\/wp-json\/wp\/v2\/product\/507","targetHints":{"allow":["GET"]}}],"collection":[{"href":"https:\/\/www.accelenatorres.com\/tienda\/wp-json\/wp\/v2\/product"}],"about":[{"href":"https:\/\/www.accelenatorres.com\/tienda\/wp-json\/wp\/v2\/types\/product"}],"replies":[{"embeddable":true,"href":"https:\/\/www.accelenatorres.com\/tienda\/wp-json\/wp\/v2\/comments?post=507"}],"wp:featuredmedia":[{"embeddable":true,"href":"https:\/\/www.accelenatorres.com\/tienda\/wp-json\/wp\/v2\/media\/512"}],"wp:attachment":[{"href":"https:\/\/www.accelenatorres.com\/tienda\/wp-json\/wp\/v2\/media?parent=507"}],"wp:term":[{"taxonomy":"product_brand","embeddable":true,"href":"https:\/\/www.accelenatorres.com\/tienda\/wp-json\/wp\/v2\/product_brand?post=507"},{"taxonomy":"product_cat","embeddable":true,"href":"https:\/\/www.accelenatorres.com\/tienda\/wp-json\/wp\/v2\/product_cat?post=507"},{"taxonomy":"product_tag","embeddable":true,"href":"https:\/\/www.accelenatorres.com\/tienda\/wp-json\/wp\/v2\/product_tag?post=507"}],"curies":[{"name":"wp","href":"https:\/\/api.w.org\/{rel}","templated":true}]}}