{"id":645,"date":"2022-09-21T20:05:29","date_gmt":"2022-09-21T18:05:29","guid":{"rendered":"https:\/\/www.accelenatorres.com\/tienda\/?page_id=645"},"modified":"2022-10-11T15:00:38","modified_gmt":"2022-10-11T13:00:38","slug":"cena-solidaria-en-restaurante-el-corso","status":"publish","type":"page","link":"https:\/\/www.accelenatorres.com\/tienda\/cena-solidaria-en-restaurante-el-corso\/","title":{"rendered":"Cena Solidaria en Restaurante El Corso"},"content":{"rendered":"\n<figure class=\"wp-block-image size-full is-style-default\"><img loading=\"lazy\" decoding=\"async\" width=\"1160\" height=\"300\" src=\"https:\/\/www.accelenatorres.com\/tienda\/wp-content\/uploads\/2022\/09\/header-web-ticket-pinkoctober2022.jpg\" alt=\"\" class=\"wp-image-657\"\/><\/figure>\n\n\n\n<hr class=\"wp-block-separator has-text-color has-alpha-channel-opacity has-background is-style-wide\" style=\"background-color:#cd5294;color:#cd5294\"\/>\n\n\n\n<h3 class=\"has-text-align-center wp-block-heading\">S\u00e1bado, 15 de octubre de 2022<\/h3>\n\n\n\n<p class=\"has-text-align-center\">20:30 h \u00b7 Carrer de s&#8217;Illa Plana, s\/n \u00b7 Ibiza<\/p>\n\n\n\n<hr class=\"wp-block-separator has-text-color has-alpha-channel-opacity has-background is-style-wide\" style=\"background-color:#cd5294;color:#cd5294\"\/>\n\n\n\n<div style=\"height:20px\" aria-hidden=\"true\" class=\"wp-block-spacer\"><\/div>\n\n\n\n\n\n<style>\n.entry .entry-content .event-tickets .tribe-tickets__tickets-form, .event-tickets .tribe-tickets__tickets-form {width:auto!important;max-width:100%!important;margin:0px 5%;}\n.entry .entry-content .event-tickets .tribe-tickets__attendee__fields__footer_checkout-button.tribe-common-c-btn:disabled, .entry .entry-content .event-tickets .tribe-tickets__tickets-buy.tribe-common-c-btn:disabled, .event-tickets .tribe-tickets__attendee__fields__footer_checkout-button.tribe-common-c-btn:disabled, .event-tickets .tribe-tickets__tickets-buy.tribe-common-c-btn:disabled, .tribe-common a.tribe-common-c-btn--small, .tribe-common button.tribe-common-c-btn--small, .tribe-common input[type=button].tribe-common-c-btn--small, .tribe-common input[type=submit].tribe-common-c-btn--small {background-color:#cd5294!important;}\n.tribe-common button.tribe-common-c-btn--small:hover{background-color:#a372b4!important;}\n<\/style>\n\n\n\n<div style=\"height:20px\" aria-hidden=\"true\" class=\"wp-block-spacer\"><\/div>\n\n\n\n<p class=\"has-text-align-center has-text-color\" style=\"color:#cd5294\"><strong>ENTRADA PRECIO DONATIVO<\/strong><\/p>\n\n\n\n<p class=\"has-text-align-center has-text-color has-large-font-size\" style=\"color:#cd5294\"><strong>100 \u20ac<\/strong><\/p>\n\n\n\n<p class=\"has-text-align-center has-black-color has-text-color\"><strong>que se van directos a seguir investigando<\/strong><br><strong>c\u00f3mo detectar el c\u00e1ncer antes de que<\/strong><br><strong>mida un mil\u00edmetro<\/strong><\/p>\n","protected":false},"excerpt":{"rendered":"<p>S\u00e1bado, 15 de octubre de 2022 20:30 h \u00b7 Carrer de s&#8217;Illa Plana, s\/n \u00b7 Ibiza ENTRADA PRECIO DONATIVO 100 \u20ac que se van directos a seguir investigandoc\u00f3mo detectar el c\u00e1ncer antes de quemida un mil\u00edmetro<\/p>\n","protected":false},"author":1,"featured_media":0,"parent":0,"menu_order":0,"comment_status":"closed","ping_status":"closed","template":"","meta":{"_price":"","_stock":"","_tribe_ticket_header":"","_tribe_default_ticket_provider":"TEC\\Tickets\\Commerce\\Module","_tribe_ticket_capacity":"","_ticket_start_date":"","_ticket_end_date":"","_tribe_ticket_show_description":"","_tribe_ticket_show_not_going":false,"_tribe_ticket_use_global_stock":"","_tribe_ticket_global_stock_level":"","_global_stock_mode":"","_global_stock_cap":"","_tribe_rsvp_for_event":"","_tribe_ticket_going_count":"","_tribe_ticket_not_going_count":"","_tribe_tickets_list":"[{\"id\":696,\"type\":\"default\",\"title\":\"Gran Cena Solidaria\",\"description\":\"Restaurante El Corso, 15\\\/10\\\/2022, 20:30\",\"capacityType\":\"own\",\"price\":\"100\",\"capacity\":180,\"available\":175,\"sharedCapacity\":180,\"sold\":5,\"shareSold\":5,\"isShared\":false,\"currencyDecimalPoint\":\",\",\"currencyNumberOfDecimals\":2,\"currencyPosition\":\"postfix\",\"currencySymbol\":\"\\u20ac\",\"currencyThousandsSep\":\".\"}]","_tribe_ticket_has_attendee_info_fields":false,"_webnus_sm_ready_style":"","_webnus_sm_style":"","_webnus_sm_controls_values":"","_webnus_sm_fonts_collection":"","_webnus_sm_fonts_links":"","footnotes":"","_tec_slr_enabled":"","_tec_slr_layout":""},"class_list":["post-645","page","type-page","status-publish","hentry"],"yoast_head":"<!-- This site is optimized with the Yoast SEO plugin v27.3 - https:\/\/yoast.com\/product\/yoast-seo-wordpress\/ -->\n<title>Cena Solidaria en Restaurante El Corso - Tienda ELE<\/title>\n<meta name=\"robots\" content=\"index, follow, max-snippet:-1, max-image-preview:large, max-video-preview:-1\" \/>\n<link rel=\"canonical\" href=\"https:\/\/www.accelenatorres.com\/tienda\/cena-solidaria-en-restaurante-el-corso\/\" \/>\n<meta property=\"og:locale\" content=\"es_ES\" \/>\n<meta property=\"og:type\" content=\"article\" \/>\n<meta property=\"og:title\" content=\"Cena Solidaria en Restaurante El Corso - Tienda ELE\" \/>\n<meta property=\"og:description\" content=\"S\u00e1bado, 15 de octubre de 2022 20:30 h \u00b7 Carrer de s&#8217;Illa Plana, s\/n \u00b7 Ibiza ENTRADA PRECIO DONATIVO 100 \u20ac que se van directos a seguir investigandoc\u00f3mo detectar el c\u00e1ncer antes de quemida un mil\u00edmetro\" \/>\n<meta property=\"og:url\" content=\"https:\/\/www.accelenatorres.com\/tienda\/cena-solidaria-en-restaurante-el-corso\/\" \/>\n<meta property=\"og:site_name\" content=\"Tienda ELE\" \/>\n<meta property=\"article:publisher\" content=\"https:\/\/www.facebook.com\/asociacionelenatorres\/\" \/>\n<meta property=\"article:modified_time\" content=\"2022-10-11T13:00:38+00:00\" \/>\n<meta property=\"og:image\" content=\"https:\/\/www.accelenatorres.com\/tienda\/wp-content\/uploads\/2022\/09\/header-web-ticket-pinkoctober2022.jpg\" \/>\n<meta name=\"twitter:card\" content=\"summary_large_image\" \/>\n<meta name=\"twitter:label1\" content=\"Tiempo de lectura\" \/>\n\t<meta name=\"twitter:data1\" content=\"1 minuto\" \/>\n<script type=\"application\/ld+json\" class=\"yoast-schema-graph\">{\"@context\":\"https:\\\/\\\/schema.org\",\"@graph\":[{\"@type\":\"WebPage\",\"@id\":\"https:\\\/\\\/www.accelenatorres.com\\\/tienda\\\/cena-solidaria-en-restaurante-el-corso\\\/\",\"url\":\"https:\\\/\\\/www.accelenatorres.com\\\/tienda\\\/cena-solidaria-en-restaurante-el-corso\\\/\",\"name\":\"Cena Solidaria en Restaurante El Corso - Tienda ELE\",\"isPartOf\":{\"@id\":\"https:\\\/\\\/www.accelenatorres.com\\\/tienda\\\/#website\"},\"primaryImageOfPage\":{\"@id\":\"https:\\\/\\\/www.accelenatorres.com\\\/tienda\\\/cena-solidaria-en-restaurante-el-corso\\\/#primaryimage\"},\"image\":{\"@id\":\"https:\\\/\\\/www.accelenatorres.com\\\/tienda\\\/cena-solidaria-en-restaurante-el-corso\\\/#primaryimage\"},\"thumbnailUrl\":\"https:\\\/\\\/www.accelenatorres.com\\\/tienda\\\/wp-content\\\/uploads\\\/2022\\\/09\\\/header-web-ticket-pinkoctober2022.jpg\",\"datePublished\":\"2022-09-21T18:05:29+00:00\",\"dateModified\":\"2022-10-11T13:00:38+00:00\",\"breadcrumb\":{\"@id\":\"https:\\\/\\\/www.accelenatorres.com\\\/tienda\\\/cena-solidaria-en-restaurante-el-corso\\\/#breadcrumb\"},\"inLanguage\":\"es\",\"potentialAction\":[{\"@type\":\"ReadAction\",\"target\":[\"https:\\\/\\\/www.accelenatorres.com\\\/tienda\\\/cena-solidaria-en-restaurante-el-corso\\\/\"]}]},{\"@type\":\"ImageObject\",\"inLanguage\":\"es\",\"@id\":\"https:\\\/\\\/www.accelenatorres.com\\\/tienda\\\/cena-solidaria-en-restaurante-el-corso\\\/#primaryimage\",\"url\":\"https:\\\/\\\/www.accelenatorres.com\\\/tienda\\\/wp-content\\\/uploads\\\/2022\\\/09\\\/header-web-ticket-pinkoctober2022.jpg\",\"contentUrl\":\"https:\\\/\\\/www.accelenatorres.com\\\/tienda\\\/wp-content\\\/uploads\\\/2022\\\/09\\\/header-web-ticket-pinkoctober2022.jpg\",\"width\":1160,\"height\":300,\"caption\":\"Cena Solidaria Pink October 2022\"},{\"@type\":\"BreadcrumbList\",\"@id\":\"https:\\\/\\\/www.accelenatorres.com\\\/tienda\\\/cena-solidaria-en-restaurante-el-corso\\\/#breadcrumb\",\"itemListElement\":[{\"@type\":\"ListItem\",\"position\":1,\"name\":\"Portada\",\"item\":\"https:\\\/\\\/www.accelenatorres.com\\\/tienda\\\/\"},{\"@type\":\"ListItem\",\"position\":2,\"name\":\"Cena Solidaria en Restaurante El Corso\"}]},{\"@type\":\"WebSite\",\"@id\":\"https:\\\/\\\/www.accelenatorres.com\\\/tienda\\\/#website\",\"url\":\"https:\\\/\\\/www.accelenatorres.com\\\/tienda\\\/\",\"name\":\"Tienda ELE Ibiza\",\"description\":\"Tienda solidaria de la Asociaci\u00f3n Elena Torres en Ibiza\",\"publisher\":{\"@id\":\"https:\\\/\\\/www.accelenatorres.com\\\/tienda\\\/#organization\"},\"potentialAction\":[{\"@type\":\"SearchAction\",\"target\":{\"@type\":\"EntryPoint\",\"urlTemplate\":\"https:\\\/\\\/www.accelenatorres.com\\\/tienda\\\/?s={search_term_string}\"},\"query-input\":{\"@type\":\"PropertyValueSpecification\",\"valueRequired\":true,\"valueName\":\"search_term_string\"}}],\"inLanguage\":\"es\"},{\"@type\":\"Organization\",\"@id\":\"https:\\\/\\\/www.accelenatorres.com\\\/tienda\\\/#organization\",\"name\":\"Tienda Solidaria ELE Ibiza\",\"url\":\"https:\\\/\\\/www.accelenatorres.com\\\/tienda\\\/\",\"logo\":{\"@type\":\"ImageObject\",\"inLanguage\":\"es\",\"@id\":\"https:\\\/\\\/www.accelenatorres.com\\\/tienda\\\/#\\\/schema\\\/logo\\\/image\\\/\",\"url\":\"https:\\\/\\\/www.accelenatorres.com\\\/tienda\\\/wp-content\\\/uploads\\\/2021\\\/01\\\/ele-ibiza.png\",\"contentUrl\":\"https:\\\/\\\/www.accelenatorres.com\\\/tienda\\\/wp-content\\\/uploads\\\/2021\\\/01\\\/ele-ibiza.png\",\"width\":385,\"height\":168,\"caption\":\"Tienda Solidaria ELE Ibiza\"},\"image\":{\"@id\":\"https:\\\/\\\/www.accelenatorres.com\\\/tienda\\\/#\\\/schema\\\/logo\\\/image\\\/\"},\"sameAs\":[\"https:\\\/\\\/www.facebook.com\\\/asociacionelenatorres\\\/\",\"https:\\\/\\\/www.instagram.com\\\/accelenatorres\\\/\"]}]}<\/script>\n<!-- \/ Yoast SEO plugin. -->","yoast_head_json":{"title":"Cena Solidaria en Restaurante El Corso - Tienda ELE","robots":{"index":"index","follow":"follow","max-snippet":"max-snippet:-1","max-image-preview":"max-image-preview:large","max-video-preview":"max-video-preview:-1"},"canonical":"https:\/\/www.accelenatorres.com\/tienda\/cena-solidaria-en-restaurante-el-corso\/","og_locale":"es_ES","og_type":"article","og_title":"Cena Solidaria en Restaurante El Corso - Tienda ELE","og_description":"S\u00e1bado, 15 de octubre de 2022 20:30 h \u00b7 Carrer de s&#8217;Illa Plana, s\/n \u00b7 Ibiza ENTRADA PRECIO DONATIVO 100 \u20ac que se van directos a seguir investigandoc\u00f3mo detectar el c\u00e1ncer antes de quemida un mil\u00edmetro","og_url":"https:\/\/www.accelenatorres.com\/tienda\/cena-solidaria-en-restaurante-el-corso\/","og_site_name":"Tienda ELE","article_publisher":"https:\/\/www.facebook.com\/asociacionelenatorres\/","article_modified_time":"2022-10-11T13:00:38+00:00","og_image":[{"url":"https:\/\/www.accelenatorres.com\/tienda\/wp-content\/uploads\/2022\/09\/header-web-ticket-pinkoctober2022.jpg","type":"","width":"","height":""}],"twitter_card":"summary_large_image","twitter_misc":{"Tiempo de lectura":"1 minuto"},"schema":{"@context":"https:\/\/schema.org","@graph":[{"@type":"WebPage","@id":"https:\/\/www.accelenatorres.com\/tienda\/cena-solidaria-en-restaurante-el-corso\/","url":"https:\/\/www.accelenatorres.com\/tienda\/cena-solidaria-en-restaurante-el-corso\/","name":"Cena Solidaria en Restaurante El Corso - Tienda ELE","isPartOf":{"@id":"https:\/\/www.accelenatorres.com\/tienda\/#website"},"primaryImageOfPage":{"@id":"https:\/\/www.accelenatorres.com\/tienda\/cena-solidaria-en-restaurante-el-corso\/#primaryimage"},"image":{"@id":"https:\/\/www.accelenatorres.com\/tienda\/cena-solidaria-en-restaurante-el-corso\/#primaryimage"},"thumbnailUrl":"https:\/\/www.accelenatorres.com\/tienda\/wp-content\/uploads\/2022\/09\/header-web-ticket-pinkoctober2022.jpg","datePublished":"2022-09-21T18:05:29+00:00","dateModified":"2022-10-11T13:00:38+00:00","breadcrumb":{"@id":"https:\/\/www.accelenatorres.com\/tienda\/cena-solidaria-en-restaurante-el-corso\/#breadcrumb"},"inLanguage":"es","potentialAction":[{"@type":"ReadAction","target":["https:\/\/www.accelenatorres.com\/tienda\/cena-solidaria-en-restaurante-el-corso\/"]}]},{"@type":"ImageObject","inLanguage":"es","@id":"https:\/\/www.accelenatorres.com\/tienda\/cena-solidaria-en-restaurante-el-corso\/#primaryimage","url":"https:\/\/www.accelenatorres.com\/tienda\/wp-content\/uploads\/2022\/09\/header-web-ticket-pinkoctober2022.jpg","contentUrl":"https:\/\/www.accelenatorres.com\/tienda\/wp-content\/uploads\/2022\/09\/header-web-ticket-pinkoctober2022.jpg","width":1160,"height":300,"caption":"Cena Solidaria Pink October 2022"},{"@type":"BreadcrumbList","@id":"https:\/\/www.accelenatorres.com\/tienda\/cena-solidaria-en-restaurante-el-corso\/#breadcrumb","itemListElement":[{"@type":"ListItem","position":1,"name":"Portada","item":"https:\/\/www.accelenatorres.com\/tienda\/"},{"@type":"ListItem","position":2,"name":"Cena Solidaria en Restaurante El Corso"}]},{"@type":"WebSite","@id":"https:\/\/www.accelenatorres.com\/tienda\/#website","url":"https:\/\/www.accelenatorres.com\/tienda\/","name":"Tienda ELE Ibiza","description":"Tienda solidaria de la Asociaci\u00f3n Elena Torres en Ibiza","publisher":{"@id":"https:\/\/www.accelenatorres.com\/tienda\/#organization"},"potentialAction":[{"@type":"SearchAction","target":{"@type":"EntryPoint","urlTemplate":"https:\/\/www.accelenatorres.com\/tienda\/?s={search_term_string}"},"query-input":{"@type":"PropertyValueSpecification","valueRequired":true,"valueName":"search_term_string"}}],"inLanguage":"es"},{"@type":"Organization","@id":"https:\/\/www.accelenatorres.com\/tienda\/#organization","name":"Tienda Solidaria ELE Ibiza","url":"https:\/\/www.accelenatorres.com\/tienda\/","logo":{"@type":"ImageObject","inLanguage":"es","@id":"https:\/\/www.accelenatorres.com\/tienda\/#\/schema\/logo\/image\/","url":"https:\/\/www.accelenatorres.com\/tienda\/wp-content\/uploads\/2021\/01\/ele-ibiza.png","contentUrl":"https:\/\/www.accelenatorres.com\/tienda\/wp-content\/uploads\/2021\/01\/ele-ibiza.png","width":385,"height":168,"caption":"Tienda Solidaria ELE Ibiza"},"image":{"@id":"https:\/\/www.accelenatorres.com\/tienda\/#\/schema\/logo\/image\/"},"sameAs":["https:\/\/www.facebook.com\/asociacionelenatorres\/","https:\/\/www.instagram.com\/accelenatorres\/"]}]}},"ticketed":["tc"],"_links":{"self":[{"href":"https:\/\/www.accelenatorres.com\/tienda\/wp-json\/wp\/v2\/pages\/645","targetHints":{"allow":["GET"]}}],"collection":[{"href":"https:\/\/www.accelenatorres.com\/tienda\/wp-json\/wp\/v2\/pages"}],"about":[{"href":"https:\/\/www.accelenatorres.com\/tienda\/wp-json\/wp\/v2\/types\/page"}],"author":[{"embeddable":true,"href":"https:\/\/www.accelenatorres.com\/tienda\/wp-json\/wp\/v2\/users\/1"}],"replies":[{"embeddable":true,"href":"https:\/\/www.accelenatorres.com\/tienda\/wp-json\/wp\/v2\/comments?post=645"}],"version-history":[{"count":3,"href":"https:\/\/www.accelenatorres.com\/tienda\/wp-json\/wp\/v2\/pages\/645\/revisions"}],"predecessor-version":[{"id":697,"href":"https:\/\/www.accelenatorres.com\/tienda\/wp-json\/wp\/v2\/pages\/645\/revisions\/697"}],"wp:attachment":[{"href":"https:\/\/www.accelenatorres.com\/tienda\/wp-json\/wp\/v2\/media?parent=645"}],"curies":[{"name":"wp","href":"https:\/\/api.w.org\/{rel}","templated":true}]}}